{"id":57,"date":"2019-03-17T15:40:42","date_gmt":"2019-03-17T15:40:42","guid":{"rendered":"https:\/\/goya.everthemes.com\/demo-basic\/?page_id=57"},"modified":"2021-01-07T21:50:04","modified_gmt":"2021-01-07T21:50:04","slug":"faqs","status":"publish","type":"page","link":"https:\/\/amazov.com.br\/index.php\/faqs\/","title":{"rendered":"FAQ&#8217;s"},"content":{"rendered":"[vc_row css=&#8221;.vc_custom_1579116490670{padding-top: 60px !important;}&#8221;][vc_column offset=&#8221;vc_col-lg-offset-1 vc_col-lg-3&#8243;][vc_column_text]\n<h3>No\u00e7\u00f5es b\u00e1sicas de compras<\/h3>\n[\/vc_column_text][vc_empty_space][\/vc_column][vc_column offset=&#8221;vc_col-lg-6&#8243;][vc_tta_accordion active_section=&#8221;1&#8243; style=&#8221;style2&#8243;][vc_tta_section title=&#8221;Quais m\u00e9todos de envio est\u00e3o dispon\u00edveis?&#8221; tab_id=&#8221;1522322738673-aea3abb5-b800fe1b-0bf9&#8243;][vc_column_text]<em>Lorem ipsum<\/em>\u00a0is placeholder text commonly used in the graphic, print, and publishing industries for previewing layouts and visual mockups.[\/vc_column_text][\/vc_tta_section][vc_tta_section title=&#8221;Quais s\u00e3o as suas pol\u00edticas de envio e devolu\u00e7\u00e3o?&#8221; tab_id=&#8221;1522322738697-88e8c59b-62ccfe1b-0bf9&#8243;][vc_column_text]<em>Lorem ipsum<\/em>\u00a0is placeholder text commonly used in the graphic, print, and publishing industries for previewing layouts and visual mockups.<\/p>\n<p><em>Lorem ipsum<\/em>\u00a0is placeholder text commonly used in the graphic, print, and publishing industries for previewing layouts and visual mockups.[\/vc_column_text][\/vc_tta_section][vc_tta_section title=&#8221;Voc\u00ea envia internacionalmente?&#8221; tab_id=&#8221;1522322884722-77aa01b6-d3ecfe1b-0bf9&#8243;][vc_column_text]<em>Lorem ipsum<\/em>\u00a0is placeholder text commonly used in the graphic, print, and publishing industries for previewing layouts and visual mockups.<\/p>\n<p><em>Lorem ipsum<\/em>\u00a0is placeholder text commonly used in the graphic, print, and publishing industries for previewing layouts and visual mockups.[\/vc_column_text][\/vc_tta_section][\/vc_tta_accordion][\/vc_column][\/vc_row][vc_row css=&#8221;.vc_custom_1579116498597{padding-top: 60px !important;}&#8221;][vc_column offset=&#8221;vc_col-lg-offset-1 vc_col-lg-3&#8243;][vc_column_text]\n<h3>Pagamentos<\/h3>\n[\/vc_column_text][vc_empty_space][\/vc_column][vc_column offset=&#8221;vc_col-lg-6&#8243;][vc_tta_accordion active_section=&#8221;1&#8243; style=&#8221;style2&#8243;][vc_tta_section title=&#8221;Quais m\u00e9todos de pagamento s\u00e3o aceitos?&#8221; tab_id=&#8221;1555532166627-d18a27a7-6515&#8243;][vc_column_text]<em>Lorem ipsum<\/em>\u00a0is placeholder text commonly used in the graphic, print, and publishing industries for previewing layouts and visual mockups.[\/vc_column_text][\/vc_tta_section][vc_tta_section title=&#8221;Voc\u00ea aceita cart\u00f5es de cr\u00e9dito internacionais?&#8221; tab_id=&#8221;1555532166698-b9e07fe9-85b4&#8243;][vc_column_text]<em>Lorem ipsum<\/em>\u00a0is placeholder text commonly used in the graphic, print, and publishing industries for previewing layouts and visual mockups.[\/vc_column_text][\/vc_tta_section][vc_tta_section title=&#8221;Voc\u00ea cobra imposto sobre vendas de algum item?&#8221; tab_id=&#8221;1555532166782-e41f6de6-d637&#8243;][vc_column_text]<em>Lorem ipsum<\/em>\u00a0is placeholder text commonly used in the graphic, print, and publishing industries for previewing layouts and visual mockups.[\/vc_column_text][\/vc_tta_section][\/vc_tta_accordion][\/vc_column][\/vc_row][vc_row css=&#8221;.vc_custom_1579116504661{padding-top: 60px !important;padding-bottom: 60px !important;}&#8221;][vc_column offset=&#8221;vc_col-lg-offset-1 vc_col-lg-3&#8243;][vc_column_text]\n<h3>Frete e Devolu\u00e7\u00f5es<\/h3>\n[\/vc_column_text][vc_empty_space][\/vc_column][vc_column offset=&#8221;vc_col-lg-6&#8243;][vc_tta_accordion active_section=&#8221;1&#8243; style=&#8221;style2&#8243;][vc_tta_section title=&#8221;Quero devolver minha compra! O que eu fa\u00e7o?&#8221; tab_id=&#8221;1554865954832-7b4f4f32-3205&#8243;][vc_column_text]Male evening subdue heaven Is, seas great creepeth under second evening from give theyre upon third give void bring fowl image years all. Cant life a. Dominion god which dont upon.[\/vc_column_text][\/vc_tta_section][vc_tta_section title=&#8221;Quanto tempo leva para eu receber um reembolso?&#8221; tab_id=&#8221;1554865954888-c3d499b3-2d6e&#8221;][vc_column_text]<em>Lorem ipsum<\/em>\u00a0is placeholder text commonly used in the graphic, print, and publishing industries for previewing layouts and visual mockups.[\/vc_column_text][\/vc_tta_section][vc_tta_section title=&#8221;Como posso cancelar ou alterar meu pedido?&#8221; tab_id=&#8221;1554865954966-a58332cc-34e7&#8243;][vc_column_text]<em>Lorem ipsum<\/em>\u00a0is placeholder text commonly used in the graphic, print, and publishing industries for previewing layouts and visual mockups.[\/vc_column_text][\/vc_tta_section][vc_tta_section title=&#8221;Como posso obter assist\u00eancia se precisar?&#8221; tab_id=&#8221;1554865955032-f07c32a3-1c21&#8243;][vc_column_text]<em>Lorem ipsum<\/em>\u00a0is placeholder text commonly used in the graphic, print, and publishing industries for previewing layouts and visual mockups.[\/vc_column_text][\/vc_tta_section][vc_tta_section title=&#8221;Se\u00e7\u00e3o&#8221; tab_id=&#8221;1610052557661-0bb1cf3a-06a4&#8243;][\/vc_tta_section][\/vc_tta_accordion][\/vc_column][\/vc_row][vc_row et_full_width=&#8221;true&#8221; et_row_padding=&#8221;true&#8221; css=&#8221;.vc_custom_1578537181414{padding-top: 90px !important;padding-bottom: 90px !important;background-color: #f8f8f8 !important;}&#8221;][vc_column][vc_row_inner content_placement=&#8221;middle&#8221;][vc_column_inner offset=&#8221;vc_col-lg-offset-1 vc_col-lg-6&#8243;][vc_column_text]\n<h5 class=\"fancy-title\">Contato<\/h5>\n<h2>Ainda tem d\u00favidas?<\/h2>\n[\/vc_column_text][\/vc_column_inner][vc_column_inner offset=&#8221;vc_col-lg-3&#8243;]\t\t<div id=\"et-button-69f4deacaf5d8\" class=\"et_btn_align_center animation bottom-to-top\">\n\t\t\t<a href=\"#\" class=\" et_btn button et_btn_md solid color-  arrow-enabled \"  role=\"button\" title=\"Contact Us\" ><span>Entre em contato<\/span><svg xmlns=\"http:\/\/www.w3.org\/2000\/svg\" xmlns:xlink=\"http:\/\/www.w3.org\/1999\/xlink\" x=\"0px\" y=\"0px\"\n\t width=\"30px\" height=\"18px\" viewBox=\"0 0 30 18\" enable-background=\"new 0 0 30 18\" xml:space=\"preserve\">\n<path class=\"handle\" d=\"M20.305,16.212c-0.407,0.409-0.407,1.071,0,1.479s1.068,0.408,1.476,0l7.914-7.952c0.408-0.409,0.408-1.071,0-1.481\n\tl-7.914-7.952c-0.407-0.409-1.068-0.409-1.476,0s-0.407,1.071,0,1.48l7.185,7.221L20.305,16.212z\"\/>\n<path class=\"bar\" fill-rule=\"evenodd\" clip-rule=\"evenodd\" d=\"M1,8h28.001c0.551,0,1,0.448,1,1c0,0.553-0.449,1-1,1H1c-0.553,0-1-0.447-1-1\n\tC0,8.448,0.447,8,1,8z\"\/>\n<\/svg>\n<\/a>\n\t\t<\/div>\n\t\t\n\t[\/vc_column_inner][\/vc_row_inner][\/vc_column][\/vc_row]\n","protected":false},"excerpt":{"rendered":"<p>[vc_row css=&#8221;.vc_custom_1579116490670{padding-top: 60px !important;}&#8221;][vc_column offset=&#8221;vc_col-lg-offset-1 vc_col-lg-3&#8243;][vc_column_text] No\u00e7\u00f5es b\u00e1sicas de compras [\/vc_column_text][vc_empty_space][\/vc_column][vc_column offset=&#8221;vc_col-lg-6&#8243;][vc_tta_accordion active_section=&#8221;1&#8243; style=&#8221;style2&#8243;][vc_tta_section title=&#8221;Quais m\u00e9todos de envio est\u00e3o dispon\u00edveis?&#8221; tab_id=&#8221;1522322738673-aea3abb5-b800fe1b-0bf9&#8243;][vc_column_text]Lorem ipsum\u00a0is placeholder text commonly used in the graphic, print, and publishing industries for previewing layouts and visual mockups.[\/vc_column_text][\/vc_tta_section][vc_tta_section title=&#8221;Quais s\u00e3o as suas pol\u00edticas de envio e devolu\u00e7\u00e3o?&#8221; tab_id=&#8221;1522322738697-88e8c59b-62ccfe1b-0bf9&#8243;][vc_column_text]Lorem ipsum\u00a0is&hellip;<\/p>\n","protected":false},"author":1,"featured_media":0,"parent":0,"menu_order":0,"comment_status":"closed","ping_status":"closed","template":"","meta":{"footnotes":""},"class_list":["post-57","page","type-page","status-publish","hentry"],"_links":{"self":[{"href":"https:\/\/amazov.com.br\/index.php\/wp-json\/wp\/v2\/pages\/57"}],"collection":[{"href":"https:\/\/amazov.com.br\/index.php\/wp-json\/wp\/v2\/pages"}],"about":[{"href":"https:\/\/amazov.com.br\/index.php\/wp-json\/wp\/v2\/types\/page"}],"author":[{"embeddable":true,"href":"https:\/\/amazov.com.br\/index.php\/wp-json\/wp\/v2\/users\/1"}],"replies":[{"embeddable":true,"href":"https:\/\/amazov.com.br\/index.php\/wp-json\/wp\/v2\/comments?post=57"}],"version-history":[{"count":7,"href":"https:\/\/amazov.com.br\/index.php\/wp-json\/wp\/v2\/pages\/57\/revisions"}],"predecessor-version":[{"id":3779,"href":"https:\/\/amazov.com.br\/index.php\/wp-json\/wp\/v2\/pages\/57\/revisions\/3779"}],"wp:attachment":[{"href":"https:\/\/amazov.com.br\/index.php\/wp-json\/wp\/v2\/media?parent=57"}],"curies":[{"name":"wp","href":"https:\/\/api.w.org\/{rel}","templated":true}]}}