{"id":3569,"date":"2021-01-02T23:52:49","date_gmt":"2021-01-02T23:52:49","guid":{"rendered":"https:\/\/amazov.com.br\/?post_type=product&#038;p=3569"},"modified":"2025-11-05T15:36:42","modified_gmt":"2025-11-05T15:36:42","slug":"azov-lume-batom","status":"publish","type":"product","link":"https:\/\/amazov.com.br\/index.php\/product\/azov-lume-batom\/","title":{"rendered":"Azov L\u00fbme Batom"},"content":{"rendered":"<p>Cores modernas que valorizam sua beleza em todas as ocasi\u00f5es, dia e noite. Macio e f\u00e1cil de aplicar, oferece alta cobertura j\u00e1 na primeira aplica\u00e7\u00e3o. Deixa seus l\u00e1bios macios, sedutores al\u00e9m de hidratados.<\/p>\n<div>COD 0136<\/div>\n","protected":false},"excerpt":{"rendered":"<p>Cores modernas que valorizam sua beleza em todas as ocasi\u00f5es, dia e noite. Macio e f\u00e1cil de aplicar, oferece alta cobertura j\u00e1 na primeira aplica\u00e7\u00e3o. Deixa seus l\u00e1bios macios, sedutores al\u00e9m de hidratados.<\/p>\n<div>COD 0136<\/div>\n","protected":false},"featured_media":3573,"comment_status":"open","ping_status":"closed","template":"","meta":[],"product_cat":[72],"product_tag":[91,74,77],"class_list":{"0":"post-3569","1":"product","2":"type-product","3":"status-publish","4":"has-post-thumbnail","6":"product_cat-azov-lume","7":"product_tag-batom","8":"product_tag-azov-lume","9":"product_tag-maquiagem","11":"first","12":"instock","13":"sale","14":"shipping-taxable","15":"purchasable","16":"product-type-simple"},"_links":{"self":[{"href":"https:\/\/amazov.com.br\/index.php\/wp-json\/wp\/v2\/product\/3569"}],"collection":[{"href":"https:\/\/amazov.com.br\/index.php\/wp-json\/wp\/v2\/product"}],"about":[{"href":"https:\/\/amazov.com.br\/index.php\/wp-json\/wp\/v2\/types\/product"}],"replies":[{"embeddable":true,"href":"https:\/\/amazov.com.br\/index.php\/wp-json\/wp\/v2\/comments?post=3569"}],"wp:featuredmedia":[{"embeddable":true,"href":"https:\/\/amazov.com.br\/index.php\/wp-json\/wp\/v2\/media\/3573"}],"wp:attachment":[{"href":"https:\/\/amazov.com.br\/index.php\/wp-json\/wp\/v2\/media?parent=3569"}],"wp:term":[{"taxonomy":"product_cat","embeddable":true,"href":"https:\/\/amazov.com.br\/index.php\/wp-json\/wp\/v2\/product_cat?post=3569"},{"taxonomy":"product_tag","embeddable":true,"href":"https:\/\/amazov.com.br\/index.php\/wp-json\/wp\/v2\/product_tag?post=3569"}],"curies":[{"name":"wp","href":"https:\/\/api.w.org\/{rel}","templated":true}]}}