{"id":3579,"date":"2021-01-03T00:09:25","date_gmt":"2021-01-03T00:09:25","guid":{"rendered":"https:\/\/amazov.com.br\/?post_type=product&#038;p=3579"},"modified":"2025-11-05T15:36:27","modified_gmt":"2025-11-05T15:36:27","slug":"azov-lume-base-facial","status":"publish","type":"product","link":"https:\/\/amazov.com.br\/index.php\/product\/azov-lume-base-facial\/","title":{"rendered":"Azov L\u00fbme Base Facial"},"content":{"rendered":"<p>Possui f\u00f3rmula inovadora e de alta tecnologia com difusores \u00f3pticos, micro pigmentos e silicones que v\u00e3o promover toque seco ap\u00f3s aplica\u00e7\u00e3o. Deixa sua pele uniforme e com a sensa\u00e7\u00e3o de estar sem maquiagem e acabamento aveludado.<\/p>\n<div>COD 0138<\/div>\n","protected":false},"excerpt":{"rendered":"<p>Possui f\u00f3rmula inovadora e de alta tecnologia com difusores \u00f3pticos, micro pigmentos e silicones que v\u00e3o promover toque seco ap\u00f3s aplica\u00e7\u00e3o. Deixa sua pele uniforme e com a sensa\u00e7\u00e3o de estar sem maquiagem e acabamento aveludado.<\/p>\n<div>COD 0138<\/div>\n","protected":false},"featured_media":3580,"comment_status":"open","ping_status":"closed","template":"","meta":[],"product_cat":[72],"product_tag":[90,74,77],"class_list":{"0":"post-3579","1":"product","2":"type-product","3":"status-publish","4":"has-post-thumbnail","6":"product_cat-azov-lume","7":"product_tag-base-facial","8":"product_tag-azov-lume","9":"product_tag-maquiagem","11":"first","12":"instock","13":"sale","14":"shipping-taxable","15":"purchasable","16":"product-type-simple"},"_links":{"self":[{"href":"https:\/\/amazov.com.br\/index.php\/wp-json\/wp\/v2\/product\/3579"}],"collection":[{"href":"https:\/\/amazov.com.br\/index.php\/wp-json\/wp\/v2\/product"}],"about":[{"href":"https:\/\/amazov.com.br\/index.php\/wp-json\/wp\/v2\/types\/product"}],"replies":[{"embeddable":true,"href":"https:\/\/amazov.com.br\/index.php\/wp-json\/wp\/v2\/comments?post=3579"}],"wp:featuredmedia":[{"embeddable":true,"href":"https:\/\/amazov.com.br\/index.php\/wp-json\/wp\/v2\/media\/3580"}],"wp:attachment":[{"href":"https:\/\/amazov.com.br\/index.php\/wp-json\/wp\/v2\/media?parent=3579"}],"wp:term":[{"taxonomy":"product_cat","embeddable":true,"href":"https:\/\/amazov.com.br\/index.php\/wp-json\/wp\/v2\/product_cat?post=3579"},{"taxonomy":"product_tag","embeddable":true,"href":"https:\/\/amazov.com.br\/index.php\/wp-json\/wp\/v2\/product_tag?post=3579"}],"curies":[{"name":"wp","href":"https:\/\/api.w.org\/{rel}","templated":true}]}}