{"id":3583,"date":"2021-01-03T00:14:00","date_gmt":"2021-01-03T00:14:00","guid":{"rendered":"https:\/\/amazov.com.br\/?post_type=product&#038;p=3583"},"modified":"2025-11-05T15:37:20","modified_gmt":"2025-11-05T15:37:20","slug":"azov-lume-po-compacto","status":"publish","type":"product","link":"https:\/\/amazov.com.br\/index.php\/product\/azov-lume-po-compacto\/","title":{"rendered":"Azov L\u00fbme P\u00f3 Compacto"},"content":{"rendered":"<p>Possui textura ultrafina e toque sedoso que n\u00e3o deixa a pele oleosa. Proporciona um efeito uniforme, natural e duradouro \u00e0 maquiagem. Retira o brilho excessivo e ajuda a dissimular imperfei\u00e7\u00f5es, dando \u00e0 pele uma apar\u00eancia fresca e aveludada.<\/p>\n<div>COD 0139<\/div>\n","protected":false},"excerpt":{"rendered":"<p>Possui textura ultrafina e toque sedoso que n\u00e3o deixa a pele oleosa. Proporciona um efeito uniforme, natural e duradouro \u00e0 maquiagem. Retira o brilho excessivo e ajuda a dissimular imperfei\u00e7\u00f5es, dando \u00e0 pele uma apar\u00eancia fresca e aveludada.<\/p>\n<div>COD 0139<\/div>\n","protected":false},"featured_media":3584,"comment_status":"open","ping_status":"closed","template":"","meta":[],"product_cat":[72],"product_tag":[74,77,89],"class_list":{"0":"post-3583","1":"product","2":"type-product","3":"status-publish","4":"has-post-thumbnail","6":"product_cat-azov-lume","7":"product_tag-azov-lume","8":"product_tag-maquiagem","9":"product_tag-po-compacto","11":"first","12":"instock","13":"sale","14":"shipping-taxable","15":"purchasable","16":"product-type-simple"},"_links":{"self":[{"href":"https:\/\/amazov.com.br\/index.php\/wp-json\/wp\/v2\/product\/3583"}],"collection":[{"href":"https:\/\/amazov.com.br\/index.php\/wp-json\/wp\/v2\/product"}],"about":[{"href":"https:\/\/amazov.com.br\/index.php\/wp-json\/wp\/v2\/types\/product"}],"replies":[{"embeddable":true,"href":"https:\/\/amazov.com.br\/index.php\/wp-json\/wp\/v2\/comments?post=3583"}],"wp:featuredmedia":[{"embeddable":true,"href":"https:\/\/amazov.com.br\/index.php\/wp-json\/wp\/v2\/media\/3584"}],"wp:attachment":[{"href":"https:\/\/amazov.com.br\/index.php\/wp-json\/wp\/v2\/media?parent=3583"}],"wp:term":[{"taxonomy":"product_cat","embeddable":true,"href":"https:\/\/amazov.com.br\/index.php\/wp-json\/wp\/v2\/product_cat?post=3583"},{"taxonomy":"product_tag","embeddable":true,"href":"https:\/\/amazov.com.br\/index.php\/wp-json\/wp\/v2\/product_tag?post=3583"}],"curies":[{"name":"wp","href":"https:\/\/api.w.org\/{rel}","templated":true}]}}