{"id":3587,"date":"2021-01-03T00:21:42","date_gmt":"2021-01-03T00:21:42","guid":{"rendered":"https:\/\/amazov.com.br\/?post_type=product&#038;p=3587"},"modified":"2025-11-05T15:37:43","modified_gmt":"2025-11-05T15:37:43","slug":"azov-lume-rimel","status":"publish","type":"product","link":"https:\/\/amazov.com.br\/index.php\/product\/azov-lume-rimel\/","title":{"rendered":"Azov L\u00fbme R\u00edmel"},"content":{"rendered":"<p>Possui efeito prolongador dos c\u00edlios, aliando volume. Possui pol\u00edmero de resist\u00eancia a \u00e1gua que n\u00e3o prejudica a sa\u00fade dos c\u00edlios, mantendo-os fortes e inibindo a sua queda precoce.\u00a0N\u00e3o irrita os olhos<\/p>\n<div>COD 0137<\/div>\n","protected":false},"excerpt":{"rendered":"<p>Possui efeito prolongador dos c\u00edlios, aliando volume. Possui pol\u00edmero de resist\u00eancia a \u00e1gua que n\u00e3o prejudica a sa\u00fade dos c\u00edlios, mantendo-os fortes e inibindo a sua queda precoce.\u00a0N\u00e3o irrita os olhos<\/p>\n<div>COD 0137<\/div>\n","protected":false},"featured_media":3588,"comment_status":"open","ping_status":"closed","template":"","meta":[],"product_cat":[72],"product_tag":[70,74,73],"class_list":{"0":"post-3587","1":"product","2":"type-product","3":"status-publish","4":"has-post-thumbnail","6":"product_cat-azov-lume","7":"product_tag-amazov","8":"product_tag-azov-lume","9":"product_tag-rimel","11":"first","12":"instock","13":"sale","14":"shipping-taxable","15":"purchasable","16":"product-type-simple"},"_links":{"self":[{"href":"https:\/\/amazov.com.br\/index.php\/wp-json\/wp\/v2\/product\/3587"}],"collection":[{"href":"https:\/\/amazov.com.br\/index.php\/wp-json\/wp\/v2\/product"}],"about":[{"href":"https:\/\/amazov.com.br\/index.php\/wp-json\/wp\/v2\/types\/product"}],"replies":[{"embeddable":true,"href":"https:\/\/amazov.com.br\/index.php\/wp-json\/wp\/v2\/comments?post=3587"}],"wp:featuredmedia":[{"embeddable":true,"href":"https:\/\/amazov.com.br\/index.php\/wp-json\/wp\/v2\/media\/3588"}],"wp:attachment":[{"href":"https:\/\/amazov.com.br\/index.php\/wp-json\/wp\/v2\/media?parent=3587"}],"wp:term":[{"taxonomy":"product_cat","embeddable":true,"href":"https:\/\/amazov.com.br\/index.php\/wp-json\/wp\/v2\/product_cat?post=3587"},{"taxonomy":"product_tag","embeddable":true,"href":"https:\/\/amazov.com.br\/index.php\/wp-json\/wp\/v2\/product_tag?post=3587"}],"curies":[{"name":"wp","href":"https:\/\/api.w.org\/{rel}","templated":true}]}}