{"id":3591,"date":"2021-01-03T00:25:13","date_gmt":"2021-01-03T00:25:13","guid":{"rendered":"https:\/\/amazov.com.br\/?post_type=product&#038;p=3591"},"modified":"2025-11-05T15:37:05","modified_gmt":"2025-11-05T15:37:05","slug":"azov-lume-blush","status":"publish","type":"product","link":"https:\/\/amazov.com.br\/index.php\/product\/azov-lume-blush\/","title":{"rendered":"Azov L\u00fbme Blush"},"content":{"rendered":"<div>Valoriza e harmoniza o formato do rosto. Sua f\u00f3rmula cont\u00e9m part\u00edculas que aderem melhor \u00e0 pele e proporcionam uma textura ultrafina e efeito natural.<\/div>\n<div>COD 0140<\/div>\n","protected":false},"excerpt":{"rendered":"<div>Valoriza e harmoniza o formato do rosto. Sua f\u00f3rmula cont\u00e9m part\u00edculas que aderem melhor \u00e0 pele e proporcionam uma textura ultrafina e efeito natural.<\/div>\n<div>COD 0140<\/div>\n","protected":false},"featured_media":3592,"comment_status":"open","ping_status":"closed","template":"","meta":[],"product_cat":[72],"product_tag":[70,75,74],"class_list":{"0":"post-3591","1":"product","2":"type-product","3":"status-publish","4":"has-post-thumbnail","6":"product_cat-azov-lume","7":"product_tag-amazov","8":"product_tag-blush","9":"product_tag-azov-lume","11":"first","12":"instock","13":"sale","14":"shipping-taxable","15":"purchasable","16":"product-type-simple"},"_links":{"self":[{"href":"https:\/\/amazov.com.br\/index.php\/wp-json\/wp\/v2\/product\/3591"}],"collection":[{"href":"https:\/\/amazov.com.br\/index.php\/wp-json\/wp\/v2\/product"}],"about":[{"href":"https:\/\/amazov.com.br\/index.php\/wp-json\/wp\/v2\/types\/product"}],"replies":[{"embeddable":true,"href":"https:\/\/amazov.com.br\/index.php\/wp-json\/wp\/v2\/comments?post=3591"}],"wp:featuredmedia":[{"embeddable":true,"href":"https:\/\/amazov.com.br\/index.php\/wp-json\/wp\/v2\/media\/3592"}],"wp:attachment":[{"href":"https:\/\/amazov.com.br\/index.php\/wp-json\/wp\/v2\/media?parent=3591"}],"wp:term":[{"taxonomy":"product_cat","embeddable":true,"href":"https:\/\/amazov.com.br\/index.php\/wp-json\/wp\/v2\/product_cat?post=3591"},{"taxonomy":"product_tag","embeddable":true,"href":"https:\/\/amazov.com.br\/index.php\/wp-json\/wp\/v2\/product_tag?post=3591"}],"curies":[{"name":"wp","href":"https:\/\/api.w.org\/{rel}","templated":true}]}}