{"id":3599,"date":"2021-01-03T00:33:43","date_gmt":"2021-01-03T00:33:43","guid":{"rendered":"https:\/\/amazov.com.br\/?post_type=product&#038;p=3599"},"modified":"2025-11-05T15:38:14","modified_gmt":"2025-11-05T15:38:14","slug":"azov-lume-sombra-duo","status":"publish","type":"product","link":"https:\/\/amazov.com.br\/index.php\/product\/azov-lume-sombra-duo\/","title":{"rendered":"Azov L\u00fbme Sombra Duo"},"content":{"rendered":"<p>Pode ser aplicada diretamente com o aux\u00edlio do pincel ou dedos, ou ainda com a aplica\u00e7\u00e3o pr\u00e9via de um fixador que ir\u00e1 promover uma maior dura\u00e7\u00e3o e fixa\u00e7\u00e3o da sombra em p\u00f3 nos olhos.<\/p>\n<div>\n<div>COD 0141<\/div>\n<\/div>\n","protected":false},"excerpt":{"rendered":"<p>Pode ser aplicada diretamente com o aux\u00edlio do pincel ou dedos, ou ainda com a aplica\u00e7\u00e3o pr\u00e9via de um fixador que ir\u00e1 promover uma maior dura\u00e7\u00e3o e fixa\u00e7\u00e3o da sombra em p\u00f3 nos olhos.<\/p>\n<div>\n<div>COD 0141<\/div>\n<\/div>\n","protected":false},"featured_media":3596,"comment_status":"open","ping_status":"closed","template":"","meta":[],"product_cat":[72],"product_tag":[74,77,76],"class_list":{"0":"post-3599","1":"product","2":"type-product","3":"status-publish","4":"has-post-thumbnail","6":"product_cat-azov-lume","7":"product_tag-azov-lume","8":"product_tag-maquiagem","9":"product_tag-sombra-duo","11":"first","12":"instock","13":"sale","14":"shipping-taxable","15":"purchasable","16":"product-type-simple"},"_links":{"self":[{"href":"https:\/\/amazov.com.br\/index.php\/wp-json\/wp\/v2\/product\/3599"}],"collection":[{"href":"https:\/\/amazov.com.br\/index.php\/wp-json\/wp\/v2\/product"}],"about":[{"href":"https:\/\/amazov.com.br\/index.php\/wp-json\/wp\/v2\/types\/product"}],"replies":[{"embeddable":true,"href":"https:\/\/amazov.com.br\/index.php\/wp-json\/wp\/v2\/comments?post=3599"}],"wp:featuredmedia":[{"embeddable":true,"href":"https:\/\/amazov.com.br\/index.php\/wp-json\/wp\/v2\/media\/3596"}],"wp:attachment":[{"href":"https:\/\/amazov.com.br\/index.php\/wp-json\/wp\/v2\/media?parent=3599"}],"wp:term":[{"taxonomy":"product_cat","embeddable":true,"href":"https:\/\/amazov.com.br\/index.php\/wp-json\/wp\/v2\/product_cat?post=3599"},{"taxonomy":"product_tag","embeddable":true,"href":"https:\/\/amazov.com.br\/index.php\/wp-json\/wp\/v2\/product_tag?post=3599"}],"curies":[{"name":"wp","href":"https:\/\/api.w.org\/{rel}","templated":true}]}}