{"id":3604,"date":"2021-01-03T21:47:12","date_gmt":"2021-01-03T21:47:12","guid":{"rendered":"https:\/\/amazov.com.br\/?post_type=product&#038;p=3604"},"modified":"2025-11-05T15:30:35","modified_gmt":"2025-11-05T15:30:35","slug":"az-hair-mascara-capilar","status":"publish","type":"product","link":"https:\/\/amazov.com.br\/index.php\/product\/az-hair-mascara-capilar\/","title":{"rendered":"Az Hair M\u00e1scara Capilar"},"content":{"rendered":"<h4>Nutri\u00e7\u00e3o e firmeza aos fios quebradi\u00e7os<\/h4>\n<p>Enriquecida com ingredientes naturais, proporciona hidrata\u00e7\u00e3o profunda e vitalidade aos fios enfraquecidos. Deixando os cabelos fortes e revigorados. Possui pH balanceado, podendo ser usado diariamente.<br \/>\nCOD 0120<\/p>\n","protected":false},"excerpt":{"rendered":"<h4>Nutri\u00e7\u00e3o e firmeza aos fios quebradi\u00e7os<\/h4>\n<p>Enriquecida com ingredientes naturais, proporciona hidrata\u00e7\u00e3o profunda e vitalidade aos fios enfraquecidos. Deixando os cabelos fortes e revigorados. Possui pH balanceado, podendo ser usado diariamente.<br \/>\nCOD 0120<\/p>\n","protected":false},"featured_media":3602,"comment_status":"open","ping_status":"closed","template":"","meta":[],"product_cat":[78],"product_tag":[80,81,79],"class_list":{"0":"post-3604","1":"product","2":"type-product","3":"status-publish","4":"has-post-thumbnail","6":"product_cat-az-hair","7":"product_tag-antifrizz","8":"product_tag-cabelo","9":"product_tag-az-hair","11":"first","12":"instock","13":"shipping-taxable","14":"purchasable","15":"product-type-simple"},"_links":{"self":[{"href":"https:\/\/amazov.com.br\/index.php\/wp-json\/wp\/v2\/product\/3604"}],"collection":[{"href":"https:\/\/amazov.com.br\/index.php\/wp-json\/wp\/v2\/product"}],"about":[{"href":"https:\/\/amazov.com.br\/index.php\/wp-json\/wp\/v2\/types\/product"}],"replies":[{"embeddable":true,"href":"https:\/\/amazov.com.br\/index.php\/wp-json\/wp\/v2\/comments?post=3604"}],"wp:featuredmedia":[{"embeddable":true,"href":"https:\/\/amazov.com.br\/index.php\/wp-json\/wp\/v2\/media\/3602"}],"wp:attachment":[{"href":"https:\/\/amazov.com.br\/index.php\/wp-json\/wp\/v2\/media?parent=3604"}],"wp:term":[{"taxonomy":"product_cat","embeddable":true,"href":"https:\/\/amazov.com.br\/index.php\/wp-json\/wp\/v2\/product_cat?post=3604"},{"taxonomy":"product_tag","embeddable":true,"href":"https:\/\/amazov.com.br\/index.php\/wp-json\/wp\/v2\/product_tag?post=3604"}],"curies":[{"name":"wp","href":"https:\/\/api.w.org\/{rel}","templated":true}]}}