{"id":3606,"date":"2021-01-03T22:00:08","date_gmt":"2021-01-03T22:00:08","guid":{"rendered":"https:\/\/amazov.com.br\/?post_type=product&#038;p=3606"},"modified":"2025-11-05T15:35:38","modified_gmt":"2025-11-05T15:35:38","slug":"az-hair-spray-antifrizz","status":"publish","type":"product","link":"https:\/\/amazov.com.br\/index.php\/product\/az-hair-spray-antifrizz\/","title":{"rendered":"Az Hair Spray Antifrizz"},"content":{"rendered":"<h4>Nutri\u00e7\u00e3o e firmeza aos fios quebradi\u00e7os<\/h4>\n<p>Fl\u00faido capilar em spray composto por silicone que hidratam e desembara\u00e7a os fios. Promove brilho, maciez e sedosidade aos fios. Pode ser usado como hidratante de uso noturno ou como auxiliar em escovas ou chapinhas, modelando e desembara\u00e7ando, facilitando o pentear.<br \/>\nCOD 0119<\/p>\n","protected":false},"excerpt":{"rendered":"<h4>Nutri\u00e7\u00e3o e firmeza aos fios quebradi\u00e7os<\/h4>\n<p>Fl\u00faido capilar em spray composto por silicone que hidratam e desembara\u00e7a os fios. Promove brilho, maciez e sedosidade aos fios. Pode ser usado como hidratante de uso noturno ou como auxiliar em escovas ou chapinhas, modelando e desembara\u00e7ando, facilitando o pentear.<br \/>\nCOD 0119<\/p>\n","protected":false},"featured_media":3607,"comment_status":"open","ping_status":"closed","template":"","meta":[],"product_cat":[78],"product_tag":[80,81,79],"class_list":{"0":"post-3606","1":"product","2":"type-product","3":"status-publish","4":"has-post-thumbnail","6":"product_cat-az-hair","7":"product_tag-antifrizz","8":"product_tag-cabelo","9":"product_tag-az-hair","11":"first","12":"instock","13":"shipping-taxable","14":"purchasable","15":"product-type-simple"},"_links":{"self":[{"href":"https:\/\/amazov.com.br\/index.php\/wp-json\/wp\/v2\/product\/3606"}],"collection":[{"href":"https:\/\/amazov.com.br\/index.php\/wp-json\/wp\/v2\/product"}],"about":[{"href":"https:\/\/amazov.com.br\/index.php\/wp-json\/wp\/v2\/types\/product"}],"replies":[{"embeddable":true,"href":"https:\/\/amazov.com.br\/index.php\/wp-json\/wp\/v2\/comments?post=3606"}],"wp:featuredmedia":[{"embeddable":true,"href":"https:\/\/amazov.com.br\/index.php\/wp-json\/wp\/v2\/media\/3607"}],"wp:attachment":[{"href":"https:\/\/amazov.com.br\/index.php\/wp-json\/wp\/v2\/media?parent=3606"}],"wp:term":[{"taxonomy":"product_cat","embeddable":true,"href":"https:\/\/amazov.com.br\/index.php\/wp-json\/wp\/v2\/product_cat?post=3606"},{"taxonomy":"product_tag","embeddable":true,"href":"https:\/\/amazov.com.br\/index.php\/wp-json\/wp\/v2\/product_tag?post=3606"}],"curies":[{"name":"wp","href":"https:\/\/api.w.org\/{rel}","templated":true}]}}