{"id":3614,"date":"2021-01-04T02:55:59","date_gmt":"2021-01-04T02:55:59","guid":{"rendered":"https:\/\/amazov.com.br\/?post_type=product&#038;p=3614"},"modified":"2025-11-05T15:35:03","modified_gmt":"2025-11-05T15:35:03","slug":"az-hair-shampoo","status":"publish","type":"product","link":"https:\/\/amazov.com.br\/index.php\/product\/az-hair-shampoo\/","title":{"rendered":"Az Hair Shampoo"},"content":{"rendered":"<h4>Nutri\u00e7\u00e3o e firmeza aos fios quebradi\u00e7os<\/h4>\n<p>Limpa suavemente os cabelos fortalecendo a raiz, devolvendo a sa\u00fade, brilho, maciez e resist\u00eancia. \u00c9 indicado como auxiliar no combate \u00e0 oleosidade do couro cabeludo, queda e quebra. Para todos os tipos de cabelos.<br \/>\nCOD 0116<\/p>\n","protected":false},"excerpt":{"rendered":"<h4>Nutri\u00e7\u00e3o e firmeza aos fios quebradi\u00e7os<\/h4>\n<p>Limpa suavemente os cabelos fortalecendo a raiz, devolvendo a sa\u00fade, brilho, maciez e resist\u00eancia. \u00c9 indicado como auxiliar no combate \u00e0 oleosidade do couro cabeludo, queda e quebra. Para todos os tipos de cabelos.<br \/>\nCOD 0116<\/p>\n","protected":false},"featured_media":3615,"comment_status":"open","ping_status":"closed","template":"","meta":[],"product_cat":[78],"product_tag":[80,81,79],"class_list":{"0":"post-3614","1":"product","2":"type-product","3":"status-publish","4":"has-post-thumbnail","6":"product_cat-az-hair","7":"product_tag-antifrizz","8":"product_tag-cabelo","9":"product_tag-az-hair","11":"first","12":"instock","13":"shipping-taxable","14":"purchasable","15":"product-type-simple"},"_links":{"self":[{"href":"https:\/\/amazov.com.br\/index.php\/wp-json\/wp\/v2\/product\/3614"}],"collection":[{"href":"https:\/\/amazov.com.br\/index.php\/wp-json\/wp\/v2\/product"}],"about":[{"href":"https:\/\/amazov.com.br\/index.php\/wp-json\/wp\/v2\/types\/product"}],"replies":[{"embeddable":true,"href":"https:\/\/amazov.com.br\/index.php\/wp-json\/wp\/v2\/comments?post=3614"}],"wp:featuredmedia":[{"embeddable":true,"href":"https:\/\/amazov.com.br\/index.php\/wp-json\/wp\/v2\/media\/3615"}],"wp:attachment":[{"href":"https:\/\/amazov.com.br\/index.php\/wp-json\/wp\/v2\/media?parent=3614"}],"wp:term":[{"taxonomy":"product_cat","embeddable":true,"href":"https:\/\/amazov.com.br\/index.php\/wp-json\/wp\/v2\/product_cat?post=3614"},{"taxonomy":"product_tag","embeddable":true,"href":"https:\/\/amazov.com.br\/index.php\/wp-json\/wp\/v2\/product_tag?post=3614"}],"curies":[{"name":"wp","href":"https:\/\/api.w.org\/{rel}","templated":true}]}}