{"id":3629,"date":"2021-01-04T17:48:43","date_gmt":"2021-01-04T17:48:43","guid":{"rendered":"https:\/\/amazov.com.br\/?post_type=product&#038;p=3629"},"modified":"2025-06-22T05:41:29","modified_gmt":"2025-06-22T05:41:29","slug":"az-hair-pos-quimica-mascara-capilar","status":"publish","type":"product","link":"https:\/\/amazov.com.br\/index.php\/product\/az-hair-pos-quimica-mascara-capilar\/","title":{"rendered":"Az Hair P\u00f3s Qu\u00edmica M\u00e1scara Capilar"},"content":{"rendered":"<h4>Cuidado e Manuten\u00e7\u00e3o para tratamentos qu\u00edmicos<\/h4>\n<p>Tratamento intensivo restaurador que rep\u00f5e part\u00edculas de queratina e amino\u00e1cidos essenciais para o fortalecimento dos fios danificados por tratamentos qu\u00edmicos. Proporciona maciez, brilho e nutri\u00e7\u00e3o, tratando de dentro para fora, aumentando a resist\u00eancia e prote\u00e7\u00e3o dos cabelos.<br \/>\nCOD 0115<\/p>\n","protected":false},"excerpt":{"rendered":"<h4>Cuidado e Manuten\u00e7\u00e3o para tratamentos qu\u00edmicos<\/h4>\n<p>Tratamento intensivo restaurador que rep\u00f5e part\u00edculas de queratina e amino\u00e1cidos essenciais para o fortalecimento dos fios danificados por tratamentos qu\u00edmicos. Proporciona maciez, brilho e nutri\u00e7\u00e3o, tratando de dentro para fora, aumentando a resist\u00eancia e prote\u00e7\u00e3o dos cabelos.<br \/>\nCOD 0115<\/p>\n","protected":false},"featured_media":3630,"comment_status":"open","ping_status":"closed","template":"","meta":[],"product_cat":[78],"product_tag":[79,88,85],"class_list":{"0":"post-3629","1":"product","2":"type-product","3":"status-publish","4":"has-post-thumbnail","6":"product_cat-az-hair","7":"product_tag-az-hair","8":"product_tag-mascara-capilar","9":"product_tag-pos-quimica","11":"first","12":"instock","13":"shipping-taxable","14":"purchasable","15":"product-type-simple"},"_links":{"self":[{"href":"https:\/\/amazov.com.br\/index.php\/wp-json\/wp\/v2\/product\/3629"}],"collection":[{"href":"https:\/\/amazov.com.br\/index.php\/wp-json\/wp\/v2\/product"}],"about":[{"href":"https:\/\/amazov.com.br\/index.php\/wp-json\/wp\/v2\/types\/product"}],"replies":[{"embeddable":true,"href":"https:\/\/amazov.com.br\/index.php\/wp-json\/wp\/v2\/comments?post=3629"}],"wp:featuredmedia":[{"embeddable":true,"href":"https:\/\/amazov.com.br\/index.php\/wp-json\/wp\/v2\/media\/3630"}],"wp:attachment":[{"href":"https:\/\/amazov.com.br\/index.php\/wp-json\/wp\/v2\/media?parent=3629"}],"wp:term":[{"taxonomy":"product_cat","embeddable":true,"href":"https:\/\/amazov.com.br\/index.php\/wp-json\/wp\/v2\/product_cat?post=3629"},{"taxonomy":"product_tag","embeddable":true,"href":"https:\/\/amazov.com.br\/index.php\/wp-json\/wp\/v2\/product_tag?post=3629"}],"curies":[{"name":"wp","href":"https:\/\/api.w.org\/{rel}","templated":true}]}}