{"id":3633,"date":"2021-01-04T17:53:57","date_gmt":"2021-01-04T17:53:57","guid":{"rendered":"https:\/\/amazov.com.br\/?post_type=product&#038;p=3633"},"modified":"2025-11-05T15:32:25","modified_gmt":"2025-11-05T15:32:25","slug":"az-hair-pos-quimica-shampoo","status":"publish","type":"product","link":"https:\/\/amazov.com.br\/index.php\/product\/az-hair-pos-quimica-shampoo\/","title":{"rendered":"Az Hair P\u00f3s Qu\u00edmica Shampoo"},"content":{"rendered":"<h4>Cuidado e Manuten\u00e7\u00e3o para tratamentos qu\u00edmicos<\/h4>\n<p>Limpa suavemente os cabelos sem agredir, devolvendo o brilho, a maciez, reparando os cabelos danificados por colora\u00e7\u00f5es e outros tratamentos qu\u00edmicos.<br \/>\nCOD 0111<\/p>\n","protected":false},"excerpt":{"rendered":"<h4>Cuidado e Manuten\u00e7\u00e3o para tratamentos qu\u00edmicos<\/h4>\n<p>Limpa suavemente os cabelos sem agredir, devolvendo o brilho, a maciez, reparando os cabelos danificados por colora\u00e7\u00f5es e outros tratamentos qu\u00edmicos.<br \/>\nCOD 0111<\/p>\n","protected":false},"featured_media":3634,"comment_status":"open","ping_status":"closed","template":"","meta":[],"product_cat":[78],"product_tag":[79,85,87],"class_list":{"0":"post-3633","1":"product","2":"type-product","3":"status-publish","4":"has-post-thumbnail","6":"product_cat-az-hair","7":"product_tag-az-hair","8":"product_tag-pos-quimica","9":"product_tag-shampoo","11":"first","12":"instock","13":"shipping-taxable","14":"purchasable","15":"product-type-simple"},"_links":{"self":[{"href":"https:\/\/amazov.com.br\/index.php\/wp-json\/wp\/v2\/product\/3633"}],"collection":[{"href":"https:\/\/amazov.com.br\/index.php\/wp-json\/wp\/v2\/product"}],"about":[{"href":"https:\/\/amazov.com.br\/index.php\/wp-json\/wp\/v2\/types\/product"}],"replies":[{"embeddable":true,"href":"https:\/\/amazov.com.br\/index.php\/wp-json\/wp\/v2\/comments?post=3633"}],"wp:featuredmedia":[{"embeddable":true,"href":"https:\/\/amazov.com.br\/index.php\/wp-json\/wp\/v2\/media\/3634"}],"wp:attachment":[{"href":"https:\/\/amazov.com.br\/index.php\/wp-json\/wp\/v2\/media?parent=3633"}],"wp:term":[{"taxonomy":"product_cat","embeddable":true,"href":"https:\/\/amazov.com.br\/index.php\/wp-json\/wp\/v2\/product_cat?post=3633"},{"taxonomy":"product_tag","embeddable":true,"href":"https:\/\/amazov.com.br\/index.php\/wp-json\/wp\/v2\/product_tag?post=3633"}],"curies":[{"name":"wp","href":"https:\/\/api.w.org\/{rel}","templated":true}]}}