{"id":3640,"date":"2021-01-04T18:45:15","date_gmt":"2021-01-04T18:45:15","guid":{"rendered":"https:\/\/amazov.com.br\/?post_type=product&#038;p=3640"},"modified":"2025-11-05T15:31:27","modified_gmt":"2025-11-05T15:31:27","slug":"az-hair-pos-quimica-creme-pentear","status":"publish","type":"product","link":"https:\/\/amazov.com.br\/index.php\/product\/az-hair-pos-quimica-creme-pentear\/","title":{"rendered":"Az Hair P\u00f3s Qu\u00edmica Creme Pentear"},"content":{"rendered":"<h4>Cuidado e Manuten\u00e7\u00e3o para tratamentos qu\u00edmicos<\/h4>\n<p>Reduz as pontas duplas, elimina o frizz e ajuda na reconstru\u00e7\u00e3o das partes porosas e quebradi\u00e7as, uniformizando as cut\u00edculas, recuperando a elasticidade dos cabelos danificados por tratamentos qu\u00edmicos.<br \/>\n0113<\/p>\n","protected":false},"excerpt":{"rendered":"<h4>Cuidado e Manuten\u00e7\u00e3o para tratamentos qu\u00edmicos<\/h4>\n<p>Reduz as pontas duplas, elimina o frizz e ajuda na reconstru\u00e7\u00e3o das partes porosas e quebradi\u00e7as, uniformizando as cut\u00edculas, recuperando a elasticidade dos cabelos danificados por tratamentos qu\u00edmicos.<br \/>\n0113<\/p>\n","protected":false},"featured_media":3641,"comment_status":"open","ping_status":"closed","template":"","meta":[],"product_cat":[78],"product_tag":[86,79,85],"class_list":{"0":"post-3640","1":"product","2":"type-product","3":"status-publish","4":"has-post-thumbnail","6":"product_cat-az-hair","7":"product_tag-creme-pentear","8":"product_tag-az-hair","9":"product_tag-pos-quimica","11":"first","12":"instock","13":"shipping-taxable","14":"purchasable","15":"product-type-simple"},"_links":{"self":[{"href":"https:\/\/amazov.com.br\/index.php\/wp-json\/wp\/v2\/product\/3640"}],"collection":[{"href":"https:\/\/amazov.com.br\/index.php\/wp-json\/wp\/v2\/product"}],"about":[{"href":"https:\/\/amazov.com.br\/index.php\/wp-json\/wp\/v2\/types\/product"}],"replies":[{"embeddable":true,"href":"https:\/\/amazov.com.br\/index.php\/wp-json\/wp\/v2\/comments?post=3640"}],"wp:featuredmedia":[{"embeddable":true,"href":"https:\/\/amazov.com.br\/index.php\/wp-json\/wp\/v2\/media\/3641"}],"wp:attachment":[{"href":"https:\/\/amazov.com.br\/index.php\/wp-json\/wp\/v2\/media?parent=3640"}],"wp:term":[{"taxonomy":"product_cat","embeddable":true,"href":"https:\/\/amazov.com.br\/index.php\/wp-json\/wp\/v2\/product_cat?post=3640"},{"taxonomy":"product_tag","embeddable":true,"href":"https:\/\/amazov.com.br\/index.php\/wp-json\/wp\/v2\/product_tag?post=3640"}],"curies":[{"name":"wp","href":"https:\/\/api.w.org\/{rel}","templated":true}]}}