{"id":3657,"date":"2021-01-04T20:03:34","date_gmt":"2021-01-04T20:03:34","guid":{"rendered":"https:\/\/amazov.com.br\/?post_type=product&#038;p=3657"},"modified":"2025-11-05T15:34:07","modified_gmt":"2025-11-05T15:34:07","slug":"az-hair-recuperacao-mascara","status":"publish","type":"product","link":"https:\/\/amazov.com.br\/index.php\/product\/az-hair-recuperacao-mascara\/","title":{"rendered":"Az Hair Recupera\u00e7\u00e3o M\u00e1scara"},"content":{"rendered":"<h4>Cabelos secos, opacos e sem flexibilidade<\/h4>\n<p>Tratamento intensivo revitalizante que rep\u00f5e part\u00edculas de queratina e amino\u00e1cidos essenciais para a reconstru\u00e7\u00e3o dos fios ressecados. Proporciona maciez, brilho e nutri\u00e7\u00e3o, resist\u00eancia e prote\u00e7\u00e3o dos cabelos.<br \/>\nCOD 0110<\/p>\n","protected":false},"excerpt":{"rendered":"<h4>Cabelos secos, opacos e sem flexibilidade<\/h4>\n<p>Tratamento intensivo revitalizante que rep\u00f5e part\u00edculas de queratina e amino\u00e1cidos essenciais para a reconstru\u00e7\u00e3o dos fios ressecados. Proporciona maciez, brilho e nutri\u00e7\u00e3o, resist\u00eancia e prote\u00e7\u00e3o dos cabelos.<br \/>\nCOD 0110<\/p>\n","protected":false},"featured_media":3658,"comment_status":"open","ping_status":"closed","template":"","meta":[],"product_cat":[78],"product_tag":[79,100,99],"class_list":{"0":"post-3657","1":"product","2":"type-product","3":"status-publish","4":"has-post-thumbnail","6":"product_cat-az-hair","7":"product_tag-az-hair","8":"product_tag-mascara","9":"product_tag-recuperacao-intensiva","11":"first","12":"instock","13":"shipping-taxable","14":"product-type-simple"},"_links":{"self":[{"href":"https:\/\/amazov.com.br\/index.php\/wp-json\/wp\/v2\/product\/3657"}],"collection":[{"href":"https:\/\/amazov.com.br\/index.php\/wp-json\/wp\/v2\/product"}],"about":[{"href":"https:\/\/amazov.com.br\/index.php\/wp-json\/wp\/v2\/types\/product"}],"replies":[{"embeddable":true,"href":"https:\/\/amazov.com.br\/index.php\/wp-json\/wp\/v2\/comments?post=3657"}],"wp:featuredmedia":[{"embeddable":true,"href":"https:\/\/amazov.com.br\/index.php\/wp-json\/wp\/v2\/media\/3658"}],"wp:attachment":[{"href":"https:\/\/amazov.com.br\/index.php\/wp-json\/wp\/v2\/media?parent=3657"}],"wp:term":[{"taxonomy":"product_cat","embeddable":true,"href":"https:\/\/amazov.com.br\/index.php\/wp-json\/wp\/v2\/product_cat?post=3657"},{"taxonomy":"product_tag","embeddable":true,"href":"https:\/\/amazov.com.br\/index.php\/wp-json\/wp\/v2\/product_tag?post=3657"}],"curies":[{"name":"wp","href":"https:\/\/api.w.org\/{rel}","templated":true}]}}