{"id":3660,"date":"2021-01-04T20:05:07","date_gmt":"2021-01-04T20:05:07","guid":{"rendered":"https:\/\/amazov.com.br\/?post_type=product&#038;p=3660"},"modified":"2025-11-05T15:33:42","modified_gmt":"2025-11-05T15:33:42","slug":"az-hair-recuperacao-creme-pentear","status":"publish","type":"product","link":"https:\/\/amazov.com.br\/index.php\/product\/az-hair-recuperacao-creme-pentear\/","title":{"rendered":"Az Hair Recupera\u00e7\u00e3o Creme Pentear"},"content":{"rendered":"<h4>Cabelos secos, opacos e sem flexibilidade<\/h4>\n<p>Reduz as pontas duplas, elimina o frizz e ajuda na reconstru\u00e7\u00e3o das partes porosas e quebradi\u00e7as, uniformizando a cut\u00edcula, recuperando a elasticidade dos cabelos ressecados.<br \/>\nCOD 0108<\/p>\n","protected":false},"excerpt":{"rendered":"<h4>Cabelos secos, opacos e sem flexibilidade<\/h4>\n<p>Reduz as pontas duplas, elimina o frizz e ajuda na reconstru\u00e7\u00e3o das partes porosas e quebradi\u00e7as, uniformizando a cut\u00edcula, recuperando a elasticidade dos cabelos ressecados.<br \/>\nCOD 0108<\/p>\n","protected":false},"featured_media":3661,"comment_status":"open","ping_status":"closed","template":"","meta":[],"product_cat":[78],"product_tag":[86,79,99],"class_list":{"0":"post-3660","1":"product","2":"type-product","3":"status-publish","4":"has-post-thumbnail","6":"product_cat-az-hair","7":"product_tag-creme-pentear","8":"product_tag-az-hair","9":"product_tag-recuperacao-intensiva","11":"first","12":"instock","13":"shipping-taxable","14":"purchasable","15":"product-type-simple"},"_links":{"self":[{"href":"https:\/\/amazov.com.br\/index.php\/wp-json\/wp\/v2\/product\/3660"}],"collection":[{"href":"https:\/\/amazov.com.br\/index.php\/wp-json\/wp\/v2\/product"}],"about":[{"href":"https:\/\/amazov.com.br\/index.php\/wp-json\/wp\/v2\/types\/product"}],"replies":[{"embeddable":true,"href":"https:\/\/amazov.com.br\/index.php\/wp-json\/wp\/v2\/comments?post=3660"}],"wp:featuredmedia":[{"embeddable":true,"href":"https:\/\/amazov.com.br\/index.php\/wp-json\/wp\/v2\/media\/3661"}],"wp:attachment":[{"href":"https:\/\/amazov.com.br\/index.php\/wp-json\/wp\/v2\/media?parent=3660"}],"wp:term":[{"taxonomy":"product_cat","embeddable":true,"href":"https:\/\/amazov.com.br\/index.php\/wp-json\/wp\/v2\/product_cat?post=3660"},{"taxonomy":"product_tag","embeddable":true,"href":"https:\/\/amazov.com.br\/index.php\/wp-json\/wp\/v2\/product_tag?post=3660"}],"curies":[{"name":"wp","href":"https:\/\/api.w.org\/{rel}","templated":true}]}}