{"id":3681,"date":"2021-01-05T21:34:40","date_gmt":"2021-01-05T21:34:40","guid":{"rendered":"https:\/\/amazov.com.br\/?post_type=product&#038;p=3681"},"modified":"2025-06-22T06:13:00","modified_gmt":"2025-06-22T06:13:00","slug":"face-clean-demaquilante","status":"publish","type":"product","link":"https:\/\/amazov.com.br\/index.php\/product\/face-clean-demaquilante\/","title":{"rendered":"Face Clean Demaquilante"},"content":{"rendered":"<div>\n<div class=\"element_fade_in show_item\">Lo\u00e7\u00e3o de textura aveludada, removendo por completo a maquiagem, polui\u00e7\u00e3o e impurezas, respeitando a hidrata\u00e7\u00e3o natural da pele.<\/div>\n<\/div>\n<div><\/div>\n<div>COD 0142<\/div>\n","protected":false},"excerpt":{"rendered":"<div>\n<div class=\"element_fade_in show_item\">Lo\u00e7\u00e3o de textura aveludada, removendo por completo a maquiagem, polui\u00e7\u00e3o e impurezas, respeitando a hidrata\u00e7\u00e3o natural da pele.<\/div>\n<\/div>\n<div><\/div>\n<div>COD 0142<\/div>\n","protected":false},"featured_media":3682,"comment_status":"open","ping_status":"closed","template":"","meta":[],"product_cat":[104],"product_tag":[109,105,107],"class_list":{"0":"post-3681","1":"product","2":"type-product","3":"status-publish","4":"has-post-thumbnail","6":"product_cat-face-clean","7":"product_tag-demaquilante","8":"product_tag-face-clean","9":"product_tag-rosto","11":"first","12":"instock","13":"shipping-taxable","14":"purchasable","15":"product-type-simple"},"_links":{"self":[{"href":"https:\/\/amazov.com.br\/index.php\/wp-json\/wp\/v2\/product\/3681"}],"collection":[{"href":"https:\/\/amazov.com.br\/index.php\/wp-json\/wp\/v2\/product"}],"about":[{"href":"https:\/\/amazov.com.br\/index.php\/wp-json\/wp\/v2\/types\/product"}],"replies":[{"embeddable":true,"href":"https:\/\/amazov.com.br\/index.php\/wp-json\/wp\/v2\/comments?post=3681"}],"wp:featuredmedia":[{"embeddable":true,"href":"https:\/\/amazov.com.br\/index.php\/wp-json\/wp\/v2\/media\/3682"}],"wp:attachment":[{"href":"https:\/\/amazov.com.br\/index.php\/wp-json\/wp\/v2\/media?parent=3681"}],"wp:term":[{"taxonomy":"product_cat","embeddable":true,"href":"https:\/\/amazov.com.br\/index.php\/wp-json\/wp\/v2\/product_cat?post=3681"},{"taxonomy":"product_tag","embeddable":true,"href":"https:\/\/amazov.com.br\/index.php\/wp-json\/wp\/v2\/product_tag?post=3681"}],"curies":[{"name":"wp","href":"https:\/\/api.w.org\/{rel}","templated":true}]}}