{"id":3710,"date":"2021-01-06T14:43:21","date_gmt":"2021-01-06T14:43:21","guid":{"rendered":"https:\/\/amazov.com.br\/?post_type=product&#038;p=3710"},"modified":"2025-11-05T15:39:24","modified_gmt":"2025-11-05T15:39:24","slug":"creme-de-barbear-masculino","status":"publish","type":"product","link":"https:\/\/amazov.com.br\/index.php\/product\/creme-de-barbear-masculino\/","title":{"rendered":"Creme de Barbear Masculino"},"content":{"rendered":"<p>Lo\u00e7\u00e3o cremosa n\u00e3o espum\u00f3gena de textura aveludada, que auxilia a remo\u00e7\u00e3o dos pelos ao barbear, respeitando a hidrata\u00e7\u00e3o natural da pele e protegendo-a da agress\u00e3o da l\u00e2mina.<br \/>\nC\u00d3D 0123<\/p>\n","protected":false},"excerpt":{"rendered":"<p>Lo\u00e7\u00e3o cremosa n\u00e3o espum\u00f3gena de textura aveludada, que auxilia a remo\u00e7\u00e3o dos pelos ao barbear, respeitando a hidrata\u00e7\u00e3o natural da pele e protegendo-a da agress\u00e3o da l\u00e2mina.<br \/>\nC\u00d3D 0123<\/p>\n","protected":false},"featured_media":3711,"comment_status":"open","ping_status":"closed","template":"","meta":[],"product_cat":[112],"product_tag":[123,122],"class_list":{"0":"post-3710","1":"product","2":"type-product","3":"status-publish","4":"has-post-thumbnail","6":"product_cat-homens","7":"product_tag-creme-de-barbear","8":"product_tag-homens","10":"first","11":"instock","12":"shipping-taxable","13":"purchasable","14":"product-type-simple"},"_links":{"self":[{"href":"https:\/\/amazov.com.br\/index.php\/wp-json\/wp\/v2\/product\/3710"}],"collection":[{"href":"https:\/\/amazov.com.br\/index.php\/wp-json\/wp\/v2\/product"}],"about":[{"href":"https:\/\/amazov.com.br\/index.php\/wp-json\/wp\/v2\/types\/product"}],"replies":[{"embeddable":true,"href":"https:\/\/amazov.com.br\/index.php\/wp-json\/wp\/v2\/comments?post=3710"}],"wp:featuredmedia":[{"embeddable":true,"href":"https:\/\/amazov.com.br\/index.php\/wp-json\/wp\/v2\/media\/3711"}],"wp:attachment":[{"href":"https:\/\/amazov.com.br\/index.php\/wp-json\/wp\/v2\/media?parent=3710"}],"wp:term":[{"taxonomy":"product_cat","embeddable":true,"href":"https:\/\/amazov.com.br\/index.php\/wp-json\/wp\/v2\/product_cat?post=3710"},{"taxonomy":"product_tag","embeddable":true,"href":"https:\/\/amazov.com.br\/index.php\/wp-json\/wp\/v2\/product_tag?post=3710"}],"curies":[{"name":"wp","href":"https:\/\/api.w.org\/{rel}","templated":true}]}}