{"id":3717,"date":"2021-01-06T15:53:36","date_gmt":"2021-01-06T15:53:36","guid":{"rendered":"https:\/\/amazov.com.br\/?post_type=product&#038;p=3717"},"modified":"2025-11-05T15:44:34","modified_gmt":"2025-11-05T15:44:34","slug":"geleia-esfoliante-corporal-amazov","status":"publish","type":"product","link":"https:\/\/amazov.com.br\/index.php\/product\/geleia-esfoliante-corporal-amazov\/","title":{"rendered":"Gel\u00e9ia esfoliante corporal Hidrazov"},"content":{"rendered":"<p>Com micropart\u00edculas esfoliantes, remove as c\u00e9lulas mortas sem agredir a pele, deixando-a macia e sedosa.<\/p>\n<p>COD 0132<\/p>\n","protected":false},"excerpt":{"rendered":"<p>Com micropart\u00edculas esfoliantes, remove as c\u00e9lulas mortas sem agredir a pele, deixando-a macia e sedosa.<\/p>\n<p>COD 0132<\/p>\n","protected":false},"featured_media":3718,"comment_status":"open","ping_status":"closed","template":"","meta":[],"product_cat":[111],"product_tag":[114,119,120],"class_list":{"0":"post-3717","1":"product","2":"type-product","3":"status-publish","4":"has-post-thumbnail","6":"product_cat-corpo","7":"product_tag-corpo","8":"product_tag-geleia-esfoliante","9":"product_tag-hidracalm","11":"first","12":"instock","13":"shipping-taxable","14":"purchasable","15":"product-type-simple"},"_links":{"self":[{"href":"https:\/\/amazov.com.br\/index.php\/wp-json\/wp\/v2\/product\/3717"}],"collection":[{"href":"https:\/\/amazov.com.br\/index.php\/wp-json\/wp\/v2\/product"}],"about":[{"href":"https:\/\/amazov.com.br\/index.php\/wp-json\/wp\/v2\/types\/product"}],"replies":[{"embeddable":true,"href":"https:\/\/amazov.com.br\/index.php\/wp-json\/wp\/v2\/comments?post=3717"}],"wp:featuredmedia":[{"embeddable":true,"href":"https:\/\/amazov.com.br\/index.php\/wp-json\/wp\/v2\/media\/3718"}],"wp:attachment":[{"href":"https:\/\/amazov.com.br\/index.php\/wp-json\/wp\/v2\/media?parent=3717"}],"wp:term":[{"taxonomy":"product_cat","embeddable":true,"href":"https:\/\/amazov.com.br\/index.php\/wp-json\/wp\/v2\/product_cat?post=3717"},{"taxonomy":"product_tag","embeddable":true,"href":"https:\/\/amazov.com.br\/index.php\/wp-json\/wp\/v2\/product_tag?post=3717"}],"curies":[{"name":"wp","href":"https:\/\/api.w.org\/{rel}","templated":true}]}}