{"id":3722,"date":"2021-01-06T15:58:24","date_gmt":"2021-01-06T15:58:24","guid":{"rendered":"https:\/\/amazov.com.br\/?post_type=product&#038;p=3722"},"modified":"2025-11-05T15:45:09","modified_gmt":"2025-11-05T15:45:09","slug":"hidratante-corporal-hidracalm","status":"publish","type":"product","link":"https:\/\/amazov.com.br\/index.php\/product\/hidratante-corporal-hidracalm\/","title":{"rendered":"Hidratante corporal Hidracalm"},"content":{"rendered":"<p>Hidrata, refresca e perfuma a pele ap\u00f3s o banho, deixando a pele com sensa\u00e7\u00e3o refrescante, macia e sedosa.<\/p>\n<p>COD 0127<\/p>\n","protected":false},"excerpt":{"rendered":"<p>Hidrata, refresca e perfuma a pele ap\u00f3s o banho, deixando a pele com sensa\u00e7\u00e3o refrescante, macia e sedosa.<\/p>\n<p>COD 0127<\/p>\n","protected":false},"featured_media":3723,"comment_status":"open","ping_status":"closed","template":"","meta":[],"product_cat":[111],"product_tag":[114,120,118],"class_list":{"0":"post-3722","1":"product","2":"type-product","3":"status-publish","4":"has-post-thumbnail","6":"product_cat-corpo","7":"product_tag-corpo","8":"product_tag-hidracalm","9":"product_tag-hidratante-corporal","11":"first","12":"instock","13":"shipping-taxable","14":"purchasable","15":"product-type-simple"},"_links":{"self":[{"href":"https:\/\/amazov.com.br\/index.php\/wp-json\/wp\/v2\/product\/3722"}],"collection":[{"href":"https:\/\/amazov.com.br\/index.php\/wp-json\/wp\/v2\/product"}],"about":[{"href":"https:\/\/amazov.com.br\/index.php\/wp-json\/wp\/v2\/types\/product"}],"replies":[{"embeddable":true,"href":"https:\/\/amazov.com.br\/index.php\/wp-json\/wp\/v2\/comments?post=3722"}],"wp:featuredmedia":[{"embeddable":true,"href":"https:\/\/amazov.com.br\/index.php\/wp-json\/wp\/v2\/media\/3723"}],"wp:attachment":[{"href":"https:\/\/amazov.com.br\/index.php\/wp-json\/wp\/v2\/media?parent=3722"}],"wp:term":[{"taxonomy":"product_cat","embeddable":true,"href":"https:\/\/amazov.com.br\/index.php\/wp-json\/wp\/v2\/product_cat?post=3722"},{"taxonomy":"product_tag","embeddable":true,"href":"https:\/\/amazov.com.br\/index.php\/wp-json\/wp\/v2\/product_tag?post=3722"}],"curies":[{"name":"wp","href":"https:\/\/api.w.org\/{rel}","templated":true}]}}