{"id":3728,"date":"2021-01-06T16:01:59","date_gmt":"2021-01-06T16:01:59","guid":{"rendered":"https:\/\/amazov.com.br\/?post_type=product&#038;p=3728"},"modified":"2023-06-03T06:24:53","modified_gmt":"2023-06-03T06:24:53","slug":"geleia-esfoliante-corporal-hidracalm","status":"publish","type":"product","link":"https:\/\/amazov.com.br\/index.php\/product\/geleia-esfoliante-corporal-hidracalm\/","title":{"rendered":"Gel\u00e9ia esfoliante corporal Hidracalm"},"content":{"rendered":"<p>Remove c\u00e9lulas mortas sem agredir a pele, devolvendo luminosidade \u00e0 pele. Deixa a pele macia e sedosa.<\/p>\n<p>COD 0129<\/p>\n","protected":false},"excerpt":{"rendered":"<p>Remove c\u00e9lulas mortas sem agredir a pele, devolvendo luminosidade \u00e0 pele. Deixa a pele macia e sedosa.<\/p>\n<p>COD 0129<\/p>\n","protected":false},"featured_media":3729,"comment_status":"open","ping_status":"closed","template":"","meta":[],"product_cat":[111],"product_tag":[114,119,116],"class_list":{"0":"post-3728","1":"product","2":"type-product","3":"status-publish","4":"has-post-thumbnail","6":"product_cat-corpo","7":"product_tag-corpo","8":"product_tag-geleia-esfoliante","9":"product_tag-hidratonic","11":"first","12":"instock","13":"shipping-taxable","14":"purchasable","15":"product-type-simple"},"_links":{"self":[{"href":"https:\/\/amazov.com.br\/index.php\/wp-json\/wp\/v2\/product\/3728"}],"collection":[{"href":"https:\/\/amazov.com.br\/index.php\/wp-json\/wp\/v2\/product"}],"about":[{"href":"https:\/\/amazov.com.br\/index.php\/wp-json\/wp\/v2\/types\/product"}],"replies":[{"embeddable":true,"href":"https:\/\/amazov.com.br\/index.php\/wp-json\/wp\/v2\/comments?post=3728"}],"wp:featuredmedia":[{"embeddable":true,"href":"https:\/\/amazov.com.br\/index.php\/wp-json\/wp\/v2\/media\/3729"}],"wp:attachment":[{"href":"https:\/\/amazov.com.br\/index.php\/wp-json\/wp\/v2\/media?parent=3728"}],"wp:term":[{"taxonomy":"product_cat","embeddable":true,"href":"https:\/\/amazov.com.br\/index.php\/wp-json\/wp\/v2\/product_cat?post=3728"},{"taxonomy":"product_tag","embeddable":true,"href":"https:\/\/amazov.com.br\/index.php\/wp-json\/wp\/v2\/product_tag?post=3728"}],"curies":[{"name":"wp","href":"https:\/\/api.w.org\/{rel}","templated":true}]}}